{"id":5835,"date":"2025-07-21T08:05:30","date_gmt":"2025-07-21T08:05:30","guid":{"rendered":"https:\/\/collegiopapio.ch\/cp\/?page_id=5835"},"modified":"2026-03-17T15:01:13","modified_gmt":"2026-03-17T15:01:13","slug":"kontaktiere-uns","status":"publish","type":"page","link":"https:\/\/collegiopapio.ch\/cp\/de\/contattaci\/","title":{"rendered":"Kontakt"},"content":{"rendered":"\t\t<div data-elementor-type=\"wp-page\" data-elementor-id=\"5835\" class=\"elementor elementor-5835\" data-elementor-post-type=\"page\">\n\t\t\t\t<div class=\"elementor-element elementor-element-q6t3GGI e-flex e-con-boxed parallax_section_no qode_elementor_container_no e-con e-parent\" data-id=\"q6t3GGI\" data-element_type=\"container\" data-e-type=\"container\">\n\t\t\t\t\t<div class=\"e-con-inner\">\n\t\t<div class=\"elementor-element elementor-element-1CIL1bD e-con-full e-flex parallax_section_no qode_elementor_container_no e-con e-child\" data-id=\"1CIL1bD\" data-element_type=\"container\" data-e-type=\"container\" data-settings=\"{&quot;background_background&quot;:&quot;classic&quot;}\">\n\t\t<div class=\"elementor-element elementor-element-86564ef e-con-full e-flex parallax_section_no qode_elementor_container_no e-con e-child\" data-id=\"86564ef\" data-element_type=\"container\" data-e-type=\"container\">\n\t\t\t\t<div class=\"elementor-element elementor-element-4771fce elementor-widget elementor-widget-heading\" data-id=\"4771fce\" data-element_type=\"widget\" data-e-type=\"widget\" data-widget_type=\"heading.default\">\n\t\t\t\t<div class=\"elementor-widget-container\">\n\t\t\t\t\t<h3 class=\"elementor-heading-title elementor-size-default\">RICHIEDI CONTATTO<\/h3>\t\t\t\t<\/div>\n\t\t\t\t<\/div>\n\t\t\t\t<div class=\"elementor-element elementor-element-79f4557 elementor-widget elementor-widget-text-editor\" data-id=\"79f4557\" data-element_type=\"widget\" data-e-type=\"widget\" data-widget_type=\"text-editor.default\">\n\t\t\t\t<div class=\"elementor-widget-container\">\n\t\t\t\t\t\t\t\t\t<p>Compila il modulo e verrai ricontattato<\/p>\t\t\t\t\t\t\t\t<\/div>\n\t\t\t\t<\/div>\n\t\t\t\t<div class=\"elementor-element elementor-element-07affe7 elementor-button-align-end modulo_contatti_popup elementor-widget elementor-widget-form\" data-id=\"07affe7\" data-element_type=\"widget\" data-e-type=\"widget\" data-settings=\"{&quot;step_next_label&quot;:&quot;Avanti \\u2794 &quot;,&quot;step_previous_label&quot;:&quot;\\u2190 indietro&quot;,&quot;step_icon_shape&quot;:&quot;rounded&quot;,&quot;button_width&quot;:&quot;100&quot;,&quot;step_type&quot;:&quot;number_text&quot;}\" data-widget_type=\"form.default\">\n\t\t\t\t<div class=\"elementor-widget-container\">\n\t\t\t\t\t\t\t<form class=\"elementor-form\" method=\"post\" name=\"Schedule Appointment\" aria-label=\"Schedule Appointment\">\n\t\t\t<input type=\"hidden\" name=\"post_id\" value=\"5835\"\/>\n\t\t\t<input type=\"hidden\" name=\"form_id\" value=\"07affe7\"\/>\n\t\t\t<input type=\"hidden\" name=\"referer_title\" value=\"Collegio Papio\" \/>\n\n\t\t\t\n\t\t\t<div class=\"elementor-form-fields-wrapper elementor-labels-\">\n\t\t\t\t\t\t\t\t<div class=\"elementor-field-type-step elementor-field-group elementor-column elementor-field-group-field_b0bc225 elementor-col-100\">\n\t\t\t\t\t\t\t<div class=\"e-field-step elementor-hidden\" data-label=\"\" data-previousButton=\"\" data-nextButton=\"\" data-iconUrl=\"\" data-iconLibrary=\"fas fa-star\" data-icon=\"&lt;svg class=&quot;e-font-icon-svg e-fas-star&quot; viewBox=&quot;0 0 576 512&quot; xmlns=&quot;http:\/\/www.w3.org\/2000\/svg&quot;&gt;&lt;path d=&quot;M259.3 17.8L194 150.2 47.9 171.5c-26.2 3.8-36.7 36.1-17.7 54.6l105.7 103-25 145.5c-4.5 26.3 23.2 46 46.4 33.7L288 439.6l130.7 68.7c23.2 12.2 50.9-7.4 46.4-33.7l-25-145.5 105.7-103c19-18.5 8.5-50.8-17.7-54.6L382 150.2 316.7 17.8c-11.7-23.6-45.6-23.9-57.4 0z&quot;&gt;&lt;\/path&gt;&lt;\/svg&gt;\" ><\/div>\n\n\t\t\t\t\t\t<\/div>\n\t\t\t\t\t\t\t\t<div class=\"elementor-field-type-html elementor-field-group elementor-column elementor-field-group-name elementor-col-100\">\n\t\t\t\t\tInfo per contatto\t\t\t\t<\/div>\n\t\t\t\t\t\t\t\t<div class=\"elementor-field-type-text elementor-field-group elementor-column elementor-field-group-field_6b514f4 elementor-col-100 elementor-field-required\">\n\t\t\t\t\t\t\t\t\t\t\t\t<label for=\"form-field-field_6b514f4\" class=\"elementor-field-label elementor-screen-only\">\n\t\t\t\t\t\t\t\tNome\t\t\t\t\t\t\t<\/label>\n\t\t\t\t\t\t\t\t\t\t\t\t\t\t<input size=\"1\" type=\"text\" name=\"form_fields[field_6b514f4]\" id=\"form-field-field_6b514f4\" class=\"elementor-field elementor-size-lg  elementor-field-textual\" placeholder=\"Nome e cognome*\" required=\"required\">\n\t\t\t\t\t\t\t\t\t\t\t<\/div>\n\t\t\t\t\t\t\t\t<div class=\"elementor-field-type-tel elementor-field-group elementor-column elementor-field-group-email elementor-col-100 elementor-field-required\">\n\t\t\t\t\t\t\t\t\t\t\t\t<label for=\"form-field-email\" class=\"elementor-field-label elementor-screen-only\">\n\t\t\t\t\t\t\t\tTelefono\t\t\t\t\t\t\t<\/label>\n\t\t\t\t\t\t\t\t<input size=\"1\" type=\"tel\" name=\"form_fields[email]\" id=\"form-field-email\" class=\"elementor-field elementor-size-lg  elementor-field-textual\" placeholder=\"Telefono*\" required=\"required\" pattern=\"[0-9()#&amp;+*-=.]+\" title=\"Only numbers and phone characters (#, -, *, etc) are accepted.\">\n\n\t\t\t\t\t\t<\/div>\n\t\t\t\t\t\t\t\t<div class=\"elementor-field-type-email elementor-field-group elementor-column elementor-field-group-message elementor-col-100 elementor-field-required\">\n\t\t\t\t\t\t\t\t\t\t\t\t<label for=\"form-field-message\" class=\"elementor-field-label elementor-screen-only\">\n\t\t\t\t\t\t\t\temail\t\t\t\t\t\t\t<\/label>\n\t\t\t\t\t\t\t\t\t\t\t\t\t\t<input size=\"1\" type=\"email\" name=\"form_fields&lt;div class=&#039;q_message &#039; style=&#039;&#039;&gt;&lt;div class=&#039;q_message_inner&#039;&gt;&lt;a href=&#039;#&#039; class=&#039;close&#039; aria-label=&#039;Close message&#039;&gt;&lt;i class=&#039;fa fa-times&#039; style=&#039;&#039;&gt;&lt;\/i&gt;&lt;\/a&gt;&lt;div class=&#039;message_text_holder&#039;&gt;&lt;div class=&#039;message_text&#039;&gt;&lt;div class=&#039;message_text_inner&#039;&gt;&lt;\/div&gt;&lt;\/div&gt;&lt;\/div&gt;&lt;\/div&gt;&lt;\/div&gt;\" id=\"form-field-message\" class=\"elementor-field elementor-size-lg  elementor-field-textual\" placeholder=\"email*\" required=\"required\">\n\t\t\t\t\t\t\t\t\t\t\t<\/div>\n\t\t\t\t\t\t\t\t<div class=\"elementor-field-type-step elementor-field-group elementor-column elementor-field-group-field_b6db177 elementor-col-100\">\n\t\t\t\t\t\t\t<div class=\"e-field-step elementor-hidden\" data-label=\"\" data-previousButton=\"\" data-nextButton=\"\" data-iconUrl=\"\" data-iconLibrary=\"fas fa-star\" data-icon=\"&lt;svg class=&quot;e-font-icon-svg e-fas-star&quot; viewBox=&quot;0 0 576 512&quot; xmlns=&quot;http:\/\/www.w3.org\/2000\/svg&quot;&gt;&lt;path d=&quot;M259.3 17.8L194 150.2 47.9 171.5c-26.2 3.8-36.7 36.1-17.7 54.6l105.7 103-25 145.5c-4.5 26.3 23.2 46 46.4 33.7L288 439.6l130.7 68.7c23.2 12.2 50.9-7.4 46.4-33.7l-25-145.5 105.7-103c19-18.5 8.5-50.8-17.7-54.6L382 150.2 316.7 17.8c-11.7-23.6-45.6-23.9-57.4 0z&quot;&gt;&lt;\/path&gt;&lt;\/svg&gt;\" ><\/div>\n\n\t\t\t\t\t\t<\/div>\n\t\t\t\t\t\t\t\t<div class=\"elementor-field-type-html elementor-field-group elementor-column elementor-field-group-field_9621cc6 elementor-col-100\">\n\t\t\t\t\tInfo per\t\t\t\t<\/div>\n\t\t\t\t\t\t\t\t<div class=\"elementor-field-type-select elementor-field-group elementor-column elementor-field-group-field_eb4658e elementor-col-100 elementor-field-required\">\n\t\t\t\t\t\t\t\t\t\t\t\t<label for=\"form-field-field_eb4658e\" class=\"elementor-field-label elementor-screen-only\">\n\t\t\t\t\t\t\t\tPer cosa ci contatti?\t\t\t\t\t\t\t<\/label>\n\t\t\t\t\t\t\t\t<div class=\"elementor-field elementor-select-wrapper remove-before \">\n\t\t\t<div class=\"select-caret-down-wrapper\">\n\t\t\t\t<svg aria-hidden=\"true\" class=\"e-font-icon-svg e-eicon-caret-down\" viewBox=\"0 0 571.4 571.4\" xmlns=\"http:\/\/www.w3.org\/2000\/svg\"><path d=\"M571 393Q571 407 561 418L311 668Q300 679 286 679T261 668L11 418Q0 407 0 393T11 368 36 357H536Q550 357 561 368T571 393Z\"><\/path><\/svg>\t\t\t<\/div>\n\t\t\t<select name=\"form_fields[field_eb4658e]\" id=\"form-field-field_eb4658e\" class=\"elementor-field-textual elementor-size-lg\" required=\"required\">\n\t\t\t\t\t\t\t\t\t<option value=\"Scuola Media\">Scuola Media<\/option>\n\t\t\t\t\t\t\t\t\t<option value=\"Maturit\u00e0 Svizzera\">Maturit\u00e0 Svizzera<\/option>\n\t\t\t\t\t\t\t\t\t<option value=\"Maturit\u00e0 Svizzera Bilingue\">Maturit\u00e0 Svizzera Bilingue<\/option>\n\t\t\t\t\t\t\t\t\t<option value=\"Maturit\u00e0 Italiana\">Maturit\u00e0 Italiana<\/option>\n\t\t\t\t\t\t\t\t\t<option value=\"Corso Passerella\">Corso Passerella<\/option>\n\t\t\t\t\t\t\t\t\t<option value=\"Altre info\">Altre info<\/option>\n\t\t\t\t\t\t\t<\/select>\n\t\t<\/div>\n\t\t\t\t\t\t<\/div>\n\t\t\t\t\t\t\t\t<div class=\"elementor-field-type-acceptance elementor-field-group elementor-column elementor-field-group-field_ff98ac7 elementor-col-100 elementor-field-required\">\n\t\t\t\t\t\t\t\t\t\t\t\t<label for=\"form-field-field_ff98ac7\" class=\"elementor-field-label elementor-screen-only\">\n\t\t\t\t\t\t\t\tAccettazione\t\t\t\t\t\t\t<\/label>\n\t\t\t\t\t\t\t\t<div class=\"elementor-field-subgroup\">\n\t\t\t<span class=\"elementor-field-option\">\n\t\t\t\t<input type=\"checkbox\" name=\"form_fields[field_ff98ac7]\" id=\"form-field-field_ff98ac7\" class=\"elementor-field elementor-size-lg  elementor-acceptance-field\" required=\"required\">\n\t\t\t\t<label for=\"form-field-field_ff98ac7\"><span class=\"label_accettazione\" >Ho letto e accetto l'<a href=\"https:\/\/www.iubenda.com\/privacy-policy\/91252641\" target=\"_blank\" rel=\"noopener noreferrer\"> informativa sulla privacy<\/a> e acconsento al trattamento dei miei dati personali per le finalit\u00e0 di contatto connesse al presente modulo.<\/span><\/label>\t\t\t<\/span>\n\t\t<\/div>\n\t\t\t\t\t\t<\/div>\n\t\t\t\t\t\t\t\t<div class=\"elementor-field-group elementor-column elementor-field-type-submit elementor-col-100 e-form__buttons\">\n\t\t\t\t\t<button class=\"elementor-button elementor-size-sm\" type=\"submit\">\n\t\t\t\t\t\t<span class=\"elementor-button-content-wrapper\">\n\t\t\t\t\t\t\t\t\t\t\t\t\t\t\t\t\t\t\t\t\t\t<span class=\"elementor-button-text\">Invia \u2794<\/span>\n\t\t\t\t\t\t\t\t\t\t\t\t\t<\/span>\n\t\t\t\t\t<\/button>\n\t\t\t\t<\/div>\n\t\t\t<\/div>\n\t\t<\/form>\n\t\t\t\t\t\t<\/div>\n\t\t\t\t<\/div>\n\t\t\t\t<div class=\"elementor-element elementor-element-538a37a elementor-widget elementor-widget-spacer\" data-id=\"538a37a\" data-element_type=\"widget\" data-e-type=\"widget\" data-widget_type=\"spacer.default\">\n\t\t\t\t<div class=\"elementor-widget-container\">\n\t\t\t\t\t\t\t<div class=\"elementor-spacer\">\n\t\t\t<div class=\"elementor-spacer-inner\"><\/div>\n\t\t<\/div>\n\t\t\t\t\t\t<\/div>\n\t\t\t\t<\/div>\n\t\t\t\t<\/div>\n\t\t\t\t<\/div>\n\t\t\t\t\t<\/div>\n\t\t\t\t<\/div>\n\t\t<div class=\"elementor-element elementor-element-3b0a57b e-con-full elementor-hidden-mobile e-flex parallax_section_no qode_elementor_container_no e-con e-parent\" data-id=\"3b0a57b\" data-element_type=\"container\" data-e-type=\"container\" data-settings=\"{&quot;background_background&quot;:&quot;classic&quot;}\">\n\t\t\t\t<div class=\"elementor-element elementor-element-bf042df elementor-hidden-mobile elementor-widget elementor-widget-html\" data-id=\"bf042df\" data-element_type=\"widget\" data-e-type=\"widget\" data-widget_type=\"html.default\">\n\t\t\t\t<div class=\"elementor-widget-container\">\n\t\t\t\t\t<!-- Bot\u00e3o lateral com popup -->\n<a href=\"#\" class=\"fixed-popup-button\">\n  <div class=\"button-text\">Contattaci ora<\/div>\n<\/a>\n\n<style>\n\/* Bot\u00e3o lateral *\/\n.fixed-popup-button {\n  position: fixed !important;\n  top: 50% !important;\n  right: 0 !important;\n  transform: translateY(-50%) !important;\n  background-color: rgba(248, 182, 15, 0.8) !important; \/* Cor de fundo com transpar\u00eancia *\/\n  border-radius: 10px 0 0 10px !important;\n  padding: 25px 15px !important;\n  display: flex !important;\n  flex-direction: column !important;\n  align-items: center !important;\n  justify-content: center !important;\n  text-align: center !important;\n  font-family: 'Montserrat', sans-serif !important;\n  font-weight: 500 !important;\n  color: #000000 !important; \/* texto preto *\/\n  z-index: 9999 !important;\n  cursor: pointer !important;\n  box-shadow: 0 3px 8px rgba(0,0,0,0.3) !important; \/* sombra do bot\u00e3o *\/\n  min-width: 50px !important;\n  max-width: 50px !important;\n  transition: all 0.3s ease !important; \/* anima\u00e7\u00e3o suave ao passar o mouse *\/\n  backdrop-filter: blur(5px) !important; \/* filtro para dar efeito de desfoque ao fundo *\/\n}\n\n\/* Texto do bot\u00e3o *\/\n.fixed-popup-button .button-text {\n  writing-mode: vertical-rl !important;\n  transform: rotate(180deg) !important;\n  font-size: 15px !important;\n  line-height: 1.1 !important;\n  margin-bottom: 10px !important;\n  white-space: nowrap !important;\n  transition: none !important; \/* texto n\u00e3o muda *\/\n  letter-spacing: 1px !important; \/* espa\u00e7amento entre letras *\/\n  text-shadow: none !important; \/* remove qualquer sombra do texto *\/\n}\n\n\/* Efeito de hover no bot\u00e3o *\/\n.fixed-popup-button:hover {\n  background-color: rgba(248, 182, 15, 1) !important; \/* fundo s\u00f3lido ao passar o mouse *\/\n  box-shadow: 0 6px 15px rgba(0, 0, 0, 0.3) !important; \/* sombra mais intensa no bot\u00e3o *\/\n  transform: translateY(-50%) scale(1.05) !important; \/* efeito de aumento *\/\n}\n\n\/* Dire\u00e7\u00e3o de cima para baixo para Chin\u00eas (sem rota\u00e7\u00e3o errada) *\/\n.chinese .fixed-popup-button .button-text {\n  writing-mode: vertical-lr !important; \/* Dire\u00e7\u00e3o de cima para baixo *\/\n  transform: rotate(0deg) !important; \/* Ajuste para que o texto fique correto *\/\n  word-break: break-all !important; \/* Garante que o texto ser\u00e1 quebrado por caractere *\/\n  white-space: normal !important; \/* Permite quebra de linha entre caracteres *\/\n  letter-spacing: 2px !important; \/* Ajuste de espa\u00e7amento entre os caracteres *\/\n}\n\n\/* Ajuste do texto no chin\u00eas para ser mais espa\u00e7ado e leg\u00edvel *\/\n.chinese .fixed-popup-button .button-text span {\n  display: block; \/* Faz com que cada caractere ocupe uma linha *\/\n}\n<\/style>\n\n<script>\njQuery(window).on('elementor\/frontend\/init', function() {\n  var popupButton = document.querySelector('.fixed-popup-button');\n  if (popupButton) {\n    popupButton.addEventListener('click', function(e) {\n      e.preventDefault();\n      if (typeof elementorProFrontend !== 'undefined' && elementorProFrontend.modules.popup) {\n        elementorProFrontend.modules.popup.showPopup({ id: 1310 });\n      } else {\n        console.warn(\"Elemento popup n\u00e3o dispon\u00edvel \u2013 Elementor Pro ativo?\");\n      }\n    });\n  }\n\n  \/\/ Verificar o idioma do usu\u00e1rio\n  var userLanguage = navigator.language || navigator.userLanguage;\n\n  \/\/ Se o idioma for Chin\u00eas (simplificado ou tradicional), aplicar a classe \"chinese\" ao body\n  if (userLanguage.startsWith('zh')) {\n    document.body.classList.add('chinese');\n  }\n});\n<\/script>\n\t\t\t\t<\/div>\n\t\t\t\t<\/div>\n\t\t\t\t<\/div>\n\t\t<div class=\"elementor-element elementor-element-db6cb7f e-con-full elementor-hidden-tablet elementor-hidden-mobile e-flex parallax_section_no qode_elementor_container_no e-con e-parent\" data-id=\"db6cb7f\" data-element_type=\"container\" data-e-type=\"container\" data-settings=\"{&quot;background_background&quot;:&quot;classic&quot;}\">\n\t\t\t\t<div class=\"elementor-element elementor-element-08c212e elementor-widget elementor-widget-spacer\" data-id=\"08c212e\" data-element_type=\"widget\" data-e-type=\"widget\" data-widget_type=\"spacer.default\">\n\t\t\t\t<div class=\"elementor-widget-container\">\n\t\t\t\t\t\t\t<div class=\"elementor-spacer\">\n\t\t\t<div class=\"elementor-spacer-inner\"><\/div>\n\t\t<\/div>\n\t\t\t\t\t\t<\/div>\n\t\t\t\t<\/div>\n\t\t\t\t<\/div>\n\t\t\t\t<\/div>\n\t\t","protected":false},"excerpt":{"rendered":"<p>KONTAKT ANFORDERN F\u00fclle das Formular aus und wir werden uns mit dir in Verbindung setzen Kontaktiere uns jetzt<\/p>","protected":false},"author":1,"featured_media":15898,"parent":0,"menu_order":0,"comment_status":"closed","ping_status":"closed","template":"elementor_header_footer","meta":{"footnotes":""},"class_list":["post-5835","page","type-page","status-publish","has-post-thumbnail","hentry"],"yoast_head":"<!-- This site is optimized with the Yoast SEO plugin v27.4 - https:\/\/yoast.com\/product\/yoast-seo-wordpress\/ -->\n<title>Contattaci<\/title>\n<meta name=\"description\" content=\"Richiedi informazioni al Collegio Papio ad Ascona. Compila il form per ricevere supporto personalizzato il percorso educativo.\" \/>\n<meta name=\"robots\" content=\"index, follow, max-snippet:-1, max-image-preview:large, max-video-preview:-1\" \/>\n<link rel=\"canonical\" href=\"https:\/\/collegiopapio.ch\/cp\/de\/kontaktiere-uns\/\" \/>\n<meta property=\"og:locale\" content=\"de_DE\" \/>\n<meta property=\"og:type\" content=\"article\" \/>\n<meta property=\"og:title\" content=\"Contattaci\" \/>\n<meta property=\"og:description\" content=\"Richiedi informazioni al Collegio Papio ad Ascona. Compila il form per ricevere supporto personalizzato il percorso educativo.\" \/>\n<meta property=\"og:url\" content=\"https:\/\/collegiopapio.ch\/cp\/de\/kontaktiere-uns\/\" \/>\n<meta property=\"og:site_name\" content=\"Collegio Papio\" \/>\n<meta property=\"article:publisher\" content=\"https:\/\/www.facebook.com\/CollegioPapioOfficial\" \/>\n<meta property=\"article:modified_time\" content=\"2026-03-17T15:01:13+00:00\" \/>\n<meta property=\"og:image\" content=\"https:\/\/collegiopapio.ch\/cp\/wp-content\/uploads\/2025\/11\/imgevid.jpg\" \/>\n\t<meta property=\"og:image:width\" content=\"800\" \/>\n\t<meta property=\"og:image:height\" content=\"450\" \/>\n\t<meta property=\"og:image:type\" content=\"image\/jpeg\" \/>\n<meta name=\"twitter:card\" content=\"summary_large_image\" \/>\n<meta name=\"twitter:label1\" content=\"Gesch\u00e4tzte Lesezeit\" \/>\n\t<meta name=\"twitter:data1\" content=\"1\u00a0Minute\" \/>\n<script type=\"application\/ld+json\" class=\"yoast-schema-graph\">{\"@context\":\"https:\\\/\\\/schema.org\",\"@graph\":[{\"@type\":\"WebPage\",\"@id\":\"https:\\\/\\\/collegiopapio.ch\\\/cp\\\/contattaci\\\/\",\"url\":\"https:\\\/\\\/collegiopapio.ch\\\/cp\\\/contattaci\\\/\",\"name\":\"Contattaci\",\"isPartOf\":{\"@id\":\"https:\\\/\\\/collegiopapio.ch\\\/cp\\\/#website\"},\"primaryImageOfPage\":{\"@id\":\"https:\\\/\\\/collegiopapio.ch\\\/cp\\\/contattaci\\\/#primaryimage\"},\"image\":{\"@id\":\"https:\\\/\\\/collegiopapio.ch\\\/cp\\\/contattaci\\\/#primaryimage\"},\"thumbnailUrl\":\"https:\\\/\\\/collegiopapio.ch\\\/cp\\\/wp-content\\\/uploads\\\/2025\\\/11\\\/imgevid.jpg\",\"datePublished\":\"2025-07-21T08:05:30+00:00\",\"dateModified\":\"2026-03-17T15:01:13+00:00\",\"description\":\"Richiedi informazioni al Collegio Papio ad Ascona. Compila il form per ricevere supporto personalizzato il percorso educativo.\",\"breadcrumb\":{\"@id\":\"https:\\\/\\\/collegiopapio.ch\\\/cp\\\/contattaci\\\/#breadcrumb\"},\"inLanguage\":\"de-CH\",\"potentialAction\":[{\"@type\":\"ReadAction\",\"target\":[\"https:\\\/\\\/collegiopapio.ch\\\/cp\\\/contattaci\\\/\"]}]},{\"@type\":\"ImageObject\",\"inLanguage\":\"de-CH\",\"@id\":\"https:\\\/\\\/collegiopapio.ch\\\/cp\\\/contattaci\\\/#primaryimage\",\"url\":\"https:\\\/\\\/collegiopapio.ch\\\/cp\\\/wp-content\\\/uploads\\\/2025\\\/11\\\/imgevid.jpg\",\"contentUrl\":\"https:\\\/\\\/collegiopapio.ch\\\/cp\\\/wp-content\\\/uploads\\\/2025\\\/11\\\/imgevid.jpg\",\"width\":800,\"height\":450},{\"@type\":\"BreadcrumbList\",\"@id\":\"https:\\\/\\\/collegiopapio.ch\\\/cp\\\/contattaci\\\/#breadcrumb\",\"itemListElement\":[{\"@type\":\"ListItem\",\"position\":1,\"name\":\"Home\",\"item\":\"https:\\\/\\\/collegiopapio.ch\\\/cp\\\/\"},{\"@type\":\"ListItem\",\"position\":2,\"name\":\"Contattaci\"}]},{\"@type\":\"WebSite\",\"@id\":\"https:\\\/\\\/collegiopapio.ch\\\/cp\\\/#website\",\"url\":\"https:\\\/\\\/collegiopapio.ch\\\/cp\\\/\",\"name\":\"Collegio Papio\",\"description\":\"Collegio Papio\",\"publisher\":{\"@id\":\"https:\\\/\\\/collegiopapio.ch\\\/cp\\\/#organization\"},\"potentialAction\":[{\"@type\":\"SearchAction\",\"target\":{\"@type\":\"EntryPoint\",\"urlTemplate\":\"https:\\\/\\\/collegiopapio.ch\\\/cp\\\/?s={search_term_string}\"},\"query-input\":{\"@type\":\"PropertyValueSpecification\",\"valueRequired\":true,\"valueName\":\"search_term_string\"}}],\"inLanguage\":\"de-CH\"},{\"@type\":\"Organization\",\"@id\":\"https:\\\/\\\/collegiopapio.ch\\\/cp\\\/#organization\",\"name\":\"Collegio Papio\",\"url\":\"https:\\\/\\\/collegiopapio.ch\\\/cp\\\/\",\"logo\":{\"@type\":\"ImageObject\",\"inLanguage\":\"de-CH\",\"@id\":\"https:\\\/\\\/collegiopapio.ch\\\/cp\\\/#\\\/schema\\\/logo\\\/image\\\/\",\"url\":\"https:\\\/\\\/collegiopapio.ch\\\/cp\\\/wp-content\\\/uploads\\\/2025\\\/07\\\/logo_papio-e1752658851121.png\",\"contentUrl\":\"https:\\\/\\\/collegiopapio.ch\\\/cp\\\/wp-content\\\/uploads\\\/2025\\\/07\\\/logo_papio-e1752658851121.png\",\"width\":1362,\"height\":780,\"caption\":\"Collegio Papio\"},\"image\":{\"@id\":\"https:\\\/\\\/collegiopapio.ch\\\/cp\\\/#\\\/schema\\\/logo\\\/image\\\/\"},\"sameAs\":[\"https:\\\/\\\/www.facebook.com\\\/CollegioPapioOfficial\",\"https:\\\/\\\/www.instagram.com\\\/collegiopapio\\\/?hl=it\",\"https:\\\/\\\/www.youtube.com\\\/channel\\\/UCFx9duhPaS2-UHBNaEoGeaA\"]}]}<\/script>\n<!-- \/ Yoast SEO plugin. -->","yoast_head_json":{"title":"Kontakt","description":"Fordere Informationen vom Collegio Papio in Ascona an. F\u00fclle das Formular aus, um pers\u00f6nliche Unterst\u00fctzung f\u00fcr deinen Bildungsweg zu erhalten.","robots":{"index":"index","follow":"follow","max-snippet":"max-snippet:-1","max-image-preview":"max-image-preview:large","max-video-preview":"max-video-preview:-1"},"canonical":"https:\/\/collegiopapio.ch\/cp\/de\/kontaktiere-uns\/","og_locale":"de_DE","og_type":"article","og_title":"Contattaci","og_description":"Richiedi informazioni al Collegio Papio ad Ascona. Compila il form per ricevere supporto personalizzato il percorso educativo.","og_url":"https:\/\/collegiopapio.ch\/cp\/de\/kontaktiere-uns\/","og_site_name":"Collegio Papio","article_publisher":"https:\/\/www.facebook.com\/CollegioPapioOfficial","article_modified_time":"2026-03-17T15:01:13+00:00","og_image":[{"width":800,"height":450,"url":"https:\/\/collegiopapio.ch\/cp\/wp-content\/uploads\/2025\/11\/imgevid.jpg","type":"image\/jpeg"}],"twitter_card":"summary_large_image","twitter_misc":{"Gesch\u00e4tzte Lesezeit":"1\u00a0Minute"},"schema":{"@context":"https:\/\/schema.org","@graph":[{"@type":"WebPage","@id":"https:\/\/collegiopapio.ch\/cp\/contattaci\/","url":"https:\/\/collegiopapio.ch\/cp\/contattaci\/","name":"Kontakt","isPartOf":{"@id":"https:\/\/collegiopapio.ch\/cp\/#website"},"primaryImageOfPage":{"@id":"https:\/\/collegiopapio.ch\/cp\/contattaci\/#primaryimage"},"image":{"@id":"https:\/\/collegiopapio.ch\/cp\/contattaci\/#primaryimage"},"thumbnailUrl":"https:\/\/collegiopapio.ch\/cp\/wp-content\/uploads\/2025\/11\/imgevid.jpg","datePublished":"2025-07-21T08:05:30+00:00","dateModified":"2026-03-17T15:01:13+00:00","description":"Fordere Informationen vom Collegio Papio in Ascona an. F\u00fclle das Formular aus, um pers\u00f6nliche Unterst\u00fctzung f\u00fcr deinen Bildungsweg zu erhalten.","breadcrumb":{"@id":"https:\/\/collegiopapio.ch\/cp\/contattaci\/#breadcrumb"},"inLanguage":"de-CH","potentialAction":[{"@type":"ReadAction","target":["https:\/\/collegiopapio.ch\/cp\/contattaci\/"]}]},{"@type":"ImageObject","inLanguage":"de-CH","@id":"https:\/\/collegiopapio.ch\/cp\/contattaci\/#primaryimage","url":"https:\/\/collegiopapio.ch\/cp\/wp-content\/uploads\/2025\/11\/imgevid.jpg","contentUrl":"https:\/\/collegiopapio.ch\/cp\/wp-content\/uploads\/2025\/11\/imgevid.jpg","width":800,"height":450},{"@type":"BreadcrumbList","@id":"https:\/\/collegiopapio.ch\/cp\/contattaci\/#breadcrumb","itemListElement":[{"@type":"ListItem","position":1,"name":"Home","item":"https:\/\/collegiopapio.ch\/cp\/"},{"@type":"ListItem","position":2,"name":"Contattaci"}]},{"@type":"WebSite","@id":"https:\/\/collegiopapio.ch\/cp\/#website","url":"https:\/\/collegiopapio.ch\/cp\/","name":"Collegio Papio","description":"Collegio Papio","publisher":{"@id":"https:\/\/collegiopapio.ch\/cp\/#organization"},"potentialAction":[{"@type":"SearchAction","target":{"@type":"EntryPoint","urlTemplate":"https:\/\/collegiopapio.ch\/cp\/?s={search_term_string}"},"query-input":{"@type":"PropertyValueSpecification","valueRequired":true,"valueName":"search_term_string"}}],"inLanguage":"de-CH"},{"@type":"Organization","@id":"https:\/\/collegiopapio.ch\/cp\/#organization","name":"Collegio Papio","url":"https:\/\/collegiopapio.ch\/cp\/","logo":{"@type":"ImageObject","inLanguage":"de-CH","@id":"https:\/\/collegiopapio.ch\/cp\/#\/schema\/logo\/image\/","url":"https:\/\/collegiopapio.ch\/cp\/wp-content\/uploads\/2025\/07\/logo_papio-e1752658851121.png","contentUrl":"https:\/\/collegiopapio.ch\/cp\/wp-content\/uploads\/2025\/07\/logo_papio-e1752658851121.png","width":1362,"height":780,"caption":"Collegio Papio"},"image":{"@id":"https:\/\/collegiopapio.ch\/cp\/#\/schema\/logo\/image\/"},"sameAs":["https:\/\/www.facebook.com\/CollegioPapioOfficial","https:\/\/www.instagram.com\/collegiopapio\/?hl=it","https:\/\/www.youtube.com\/channel\/UCFx9duhPaS2-UHBNaEoGeaA"]}]}},"_links":{"self":[{"href":"https:\/\/collegiopapio.ch\/cp\/de\/wp-json\/wp\/v2\/pages\/5835","targetHints":{"allow":["GET"]}}],"collection":[{"href":"https:\/\/collegiopapio.ch\/cp\/de\/wp-json\/wp\/v2\/pages"}],"about":[{"href":"https:\/\/collegiopapio.ch\/cp\/de\/wp-json\/wp\/v2\/types\/page"}],"author":[{"embeddable":true,"href":"https:\/\/collegiopapio.ch\/cp\/de\/wp-json\/wp\/v2\/users\/1"}],"replies":[{"embeddable":true,"href":"https:\/\/collegiopapio.ch\/cp\/de\/wp-json\/wp\/v2\/comments?post=5835"}],"version-history":[{"count":28,"href":"https:\/\/collegiopapio.ch\/cp\/de\/wp-json\/wp\/v2\/pages\/5835\/revisions"}],"predecessor-version":[{"id":16153,"href":"https:\/\/collegiopapio.ch\/cp\/de\/wp-json\/wp\/v2\/pages\/5835\/revisions\/16153"}],"wp:featuredmedia":[{"embeddable":true,"href":"https:\/\/collegiopapio.ch\/cp\/de\/wp-json\/wp\/v2\/media\/15898"}],"wp:attachment":[{"href":"https:\/\/collegiopapio.ch\/cp\/de\/wp-json\/wp\/v2\/media?parent=5835"}],"curies":[{"name":"wp","href":"https:\/\/api.w.org\/{rel}","templated":true}]}}